{"id":14,"date":"2025-04-17T13:50:15","date_gmt":"2025-04-17T13:50:15","guid":{"rendered":"https:\/\/vjkf.se\/?page_id=14"},"modified":"2025-04-17T14:17:59","modified_gmt":"2025-04-17T14:17:59","slug":"about","status":"publish","type":"page","link":"https:\/\/vjkf.se\/index.php\/about\/","title":{"rendered":"About"},"content":{"rendered":"\n<div class=\"wp-block-cover alignfull is-light has-contrast-color has-text-color has-link-color wp-elements-26457dc342aeb86dd4ae885088b43a4f\" style=\"margin-top:0;margin-bottom:0;padding-top:var(--wp--preset--spacing--60);padding-right:var(--wp--preset--spacing--50);padding-bottom:var(--wp--preset--spacing--60);padding-left:var(--wp--preset--spacing--50);min-height:430px;aspect-ratio:unset;\"><span aria-hidden=\"true\" class=\"wp-block-cover__background has-base-background-color has-background-dim-100 has-background-dim\"><\/span><div class=\"wp-block-cover__inner-container has-global-padding is-layout-constrained wp-container-core-cover-is-layout-873ee6b1 wp-block-cover-is-layout-constrained\">\n<p class=\"has-text-align-center has-large-font-size\">Det \u00e4r, som de s\u00e4ger, historiens skr\u00e4ph\u00f6g.<\/p>\n\n\n\n<p>Mycket sv\u00e5rare \u00e4n s\u00e5 \u00e4r det inte. H\u00e4r samlar jag lite tankar och grejer alltefter som det faller mig in. Texter kan vara p\u00e5 antingen svenska eller engelska. Eller b\u00e5de och. <\/p>\n<\/div><\/div>\n\n\n\n<p class=\"has-text-align-center has-large-font-size\">It is, as they say, the scrap heap of history.<\/p>\n\n\n\n<p>It&#8217;s not much more than that. This is a collection of various thoughts and things as they come to me. Texts may be in either Swedish or English. Or Both.<\/p>\n\n\n\n<p><\/p>\n","protected":false},"excerpt":{"rendered":"<p>It is, as they say, the scrap heap of history. It&#8217;s not much more than that. This is a collection of various thoughts and things as they come to me. Texts may be in either Swedish or English. Or Both.<\/p>\n","protected":false},"author":1,"featured_media":0,"parent":0,"menu_order":0,"comment_status":"closed","ping_status":"closed","template":"","meta":{"footnotes":""},"class_list":["post-14","page","type-page","status-publish","hentry"],"_links":{"self":[{"href":"https:\/\/vjkf.se\/index.php\/wp-json\/wp\/v2\/pages\/14","targetHints":{"allow":["GET"]}}],"collection":[{"href":"https:\/\/vjkf.se\/index.php\/wp-json\/wp\/v2\/pages"}],"about":[{"href":"https:\/\/vjkf.se\/index.php\/wp-json\/wp\/v2\/types\/page"}],"author":[{"embeddable":true,"href":"https:\/\/vjkf.se\/index.php\/wp-json\/wp\/v2\/users\/1"}],"replies":[{"embeddable":true,"href":"https:\/\/vjkf.se\/index.php\/wp-json\/wp\/v2\/comments?post=14"}],"version-history":[{"count":3,"href":"https:\/\/vjkf.se\/index.php\/wp-json\/wp\/v2\/pages\/14\/revisions"}],"predecessor-version":[{"id":26,"href":"https:\/\/vjkf.se\/index.php\/wp-json\/wp\/v2\/pages\/14\/revisions\/26"}],"wp:attachment":[{"href":"https:\/\/vjkf.se\/index.php\/wp-json\/wp\/v2\/media?parent=14"}],"curies":[{"name":"wp","href":"https:\/\/api.w.org\/{rel}","templated":true}]}}